{"id":49,"date":"2011-12-04T17:57:18","date_gmt":"2011-12-04T17:57:18","guid":{"rendered":"http:\/\/www.suni.fr\/?page_id=49"},"modified":"2011-12-08T13:55:16","modified_gmt":"2011-12-08T13:55:16","slug":"presentation","status":"publish","type":"page","link":"https:\/\/www.suni.fr\/ancienblog\/?page_id=49","title":{"rendered":"Pr\u00e9sentation"},"content":{"rendered":"<p>Salut \u00e0 tous,<\/p>\n<p style=\"text-align: justify;\">Nicolas, technicien micro de profession, passionn\u00e9 d&rsquo;informatique et des nouvelles technologies, geek et fier de l\u2019\u00eatre !<\/p>\n<p style=\"text-align: justify;\">Apr\u00e8s des ann\u00e9es \u00e0 mijoter en silence, une nouvelle passion m\u2019envahis corps et \u00e2me : la photographie !<\/p>\n<p style=\"text-align: justify;\">Tout \u00e0 commenc\u00e9 quand mon petit compact de 3 millions de pixel ma l\u00e2ch\u00e9 apr\u00e8s de nombreuses ann\u00e9e de service. Je me suis alors lanc\u00e9 dans de longues recherches approfondies sur le net, \u00e9pluchant les comparateurs de divers sites, les avis des internautes sur les forums pour m&rsquo;\u00e9quiper d&rsquo;une nouvelle b\u00eate ! Compl\u00e9tement perdu dans toutes ces infos incompr\u00e9hensibles pour un d\u00e9butant, je me suis demand\u00e9 ce qui \u00e9tait le plus important pour moi \u00e0 ce moment ? Puis je me suis rappel\u00e9 le nombre de fois ou j&rsquo;ai pest\u00e9 contre mon appareil, incapable de me sortir une photo correcte des que la luminosit\u00e9 n&rsquo;\u00e9tait plus \u00ab\u00a0au top\u00a0\u00bb.\u00a0 Mais qu&rsquo;elle est la solution ? Un reflex ! Exit les compacts, bijoux, bridges et autres dont le capteur fait la taille d&rsquo;un petit confettis, vive le reflex dont la taille se rapproche du format des pellicules argentiques.<\/p>\n<p style=\"text-align: justify;\">Et c&rsquo;est comme ca que depuis quelques mois je d\u00e9couvre le plaisir procur\u00e9 par la photographie au reflex, apr\u00e8s un d\u00e9but rat\u00e9 avec un EOS500D, je me suis fait plaisir avec un EOS7d<\/p>\n<p>la suite bient\u00f4t&#8230;<\/p>\n","protected":false},"excerpt":{"rendered":"<p>Salut \u00e0 tous, Nicolas, technicien micro de profession, passionn\u00e9 d&rsquo;informatique et des nouvelles technologies, geek et fier de l\u2019\u00eatre ! Apr\u00e8s des ann\u00e9es \u00e0 mijoter en silence, une nouvelle passion m\u2019envahis corps et \u00e2me : la photographie ! Tout \u00e0 &hellip; <a href=\"https:\/\/www.suni.fr\/ancienblog\/?page_id=49\"><span class=\"readmore\">Lire la suite&#8230;<\/span><\/a><\/p>\n","protected":false},"author":1,"featured_media":0,"parent":0,"menu_order":0,"comment_status":"open","ping_status":"open","template":"","meta":[],"_links":{"self":[{"href":"https:\/\/www.suni.fr\/ancienblog\/index.php?rest_route=\/wp\/v2\/pages\/49"}],"collection":[{"href":"https:\/\/www.suni.fr\/ancienblog\/index.php?rest_route=\/wp\/v2\/pages"}],"about":[{"href":"https:\/\/www.suni.fr\/ancienblog\/index.php?rest_route=\/wp\/v2\/types\/page"}],"author":[{"embeddable":true,"href":"https:\/\/www.suni.fr\/ancienblog\/index.php?rest_route=\/wp\/v2\/users\/1"}],"replies":[{"embeddable":true,"href":"https:\/\/www.suni.fr\/ancienblog\/index.php?rest_route=%2Fwp%2Fv2%2Fcomments&post=49"}],"version-history":[{"count":4,"href":"https:\/\/www.suni.fr\/ancienblog\/index.php?rest_route=\/wp\/v2\/pages\/49\/revisions"}],"predecessor-version":[{"id":60,"href":"https:\/\/www.suni.fr\/ancienblog\/index.php?rest_route=\/wp\/v2\/pages\/49\/revisions\/60"}],"wp:attachment":[{"href":"https:\/\/www.suni.fr\/ancienblog\/index.php?rest_route=%2Fwp%2Fv2%2Fmedia&parent=49"}],"curies":[{"name":"wp","href":"https:\/\/api.w.org\/{rel}","templated":true}]}}